{"id":524,"date":"2023-02-14T13:58:36","date_gmt":"2023-02-14T12:58:36","guid":{"rendered":"https:\/\/laurencenouzillat.com\/?page_id=524"},"modified":"2024-09-24T13:38:47","modified_gmt":"2024-09-24T11:38:47","slug":"lino-gravures","status":"publish","type":"page","link":"https:\/\/laurencenouzillat.com\/index.php\/lino-gravures\/","title":{"rendered":"LINO GRAVURES"},"content":{"rendered":"\t\t<div data-elementor-type=\"wp-page\" data-elementor-id=\"524\" class=\"elementor elementor-524\">\n\t\t\t\t\t\t\t\t\t<section class=\"elementor-section elementor-top-section elementor-element elementor-element-ec89a12 elementor-section-boxed elementor-section-height-default elementor-section-height-default\" data-id=\"ec89a12\" data-element_type=\"section\">\n\t\t\t\t\t\t<div class=\"elementor-container elementor-column-gap-default\">\n\t\t\t\t\t<div class=\"elementor-column elementor-col-100 elementor-top-column elementor-element elementor-element-0d0afe0\" data-id=\"0d0afe0\" data-element_type=\"column\">\n\t\t\t<div class=\"elementor-widget-wrap elementor-element-populated\">\n\t\t\t\t\t\t\t\t<div class=\"elementor-element elementor-element-2f0da58 gallery-spacing-custom elementor-widget elementor-widget-image-gallery\" data-id=\"2f0da58\" data-element_type=\"widget\" data-widget_type=\"image-gallery.default\">\n\t\t\t\t<div class=\"elementor-widget-container\">\n\t\t\t<style>\/*! elementor - v3.11.2 - 22-02-2023 *\/\n.elementor-image-gallery .gallery-item{display:inline-block;text-align:center;vertical-align:top;width:100%;max-width:100%;margin:0 auto}.elementor-image-gallery .gallery-item img{margin:0 auto}.elementor-image-gallery .gallery-item .gallery-caption{margin:0}.elementor-image-gallery figure img{display:block}.elementor-image-gallery figure figcaption{width:100%}.gallery-spacing-custom .elementor-image-gallery .gallery-icon{padding:0}@media (min-width:768px){.elementor-image-gallery .gallery-columns-2 .gallery-item{max-width:50%}.elementor-image-gallery .gallery-columns-3 .gallery-item{max-width:33.33%}.elementor-image-gallery .gallery-columns-4 .gallery-item{max-width:25%}.elementor-image-gallery .gallery-columns-5 .gallery-item{max-width:20%}.elementor-image-gallery .gallery-columns-6 .gallery-item{max-width:16.666%}.elementor-image-gallery .gallery-columns-7 .gallery-item{max-width:14.28%}.elementor-image-gallery .gallery-columns-8 .gallery-item{max-width:12.5%}.elementor-image-gallery .gallery-columns-9 .gallery-item{max-width:11.11%}.elementor-image-gallery .gallery-columns-10 .gallery-item{max-width:10%}}@media (min-width:480px) and (max-width:767px){.elementor-image-gallery .gallery.gallery-columns-2 .gallery-item,.elementor-image-gallery .gallery.gallery-columns-3 .gallery-item,.elementor-image-gallery .gallery.gallery-columns-4 .gallery-item,.elementor-image-gallery .gallery.gallery-columns-5 .gallery-item,.elementor-image-gallery .gallery.gallery-columns-6 .gallery-item,.elementor-image-gallery .gallery.gallery-columns-7 .gallery-item,.elementor-image-gallery .gallery.gallery-columns-8 .gallery-item,.elementor-image-gallery .gallery.gallery-columns-9 .gallery-item,.elementor-image-gallery .gallery.gallery-columns-10 .gallery-item{max-width:50%}}@media (max-width:479px){.elementor-image-gallery .gallery.gallery-columns-2 .gallery-item,.elementor-image-gallery .gallery.gallery-columns-3 .gallery-item,.elementor-image-gallery .gallery.gallery-columns-4 .gallery-item,.elementor-image-gallery .gallery.gallery-columns-5 .gallery-item,.elementor-image-gallery .gallery.gallery-columns-6 .gallery-item,.elementor-image-gallery .gallery.gallery-columns-7 .gallery-item,.elementor-image-gallery .gallery.gallery-columns-8 .gallery-item,.elementor-image-gallery .gallery.gallery-columns-9 .gallery-item,.elementor-image-gallery .gallery.gallery-columns-10 .gallery-item{max-width:100%}}<\/style>\t\t<div class=\"elementor-image-gallery\">\n\t\t\t<div id='gallery-1' class='gallery galleryid-524 gallery-columns-4 gallery-size-thumbnail'><figure class='gallery-item'>\n\t\t\t<div class='gallery-icon portrait'>\n\t\t\t\t<a data-elementor-open-lightbox=\"yes\" data-elementor-lightbox-slideshow=\"2f0da58\" data-elementor-lightbox-title=\"homme fenetre lino\" data-e-action-hash=\"#elementor-action%3Aaction%3Dlightbox%26settings%3DeyJpZCI6NTQzLCJ1cmwiOiJodHRwczpcL1wvbGF1cmVuY2Vub3V6aWxsYXQuY29tXC93cC1jb250ZW50XC91cGxvYWRzXC8yMDIzXC8wMlwvaG9tbWUtZmVuZXRyZS1saW5vLXNjYWxlZC5qcGciLCJzbGlkZXNob3ciOiIyZjBkYTU4In0%3D\" href='https:\/\/laurencenouzillat.com\/wp-content\/uploads\/2023\/02\/homme-fenetre-lino-scaled.jpg'><img width=\"150\" height=\"150\" src=\"https:\/\/laurencenouzillat.com\/wp-content\/uploads\/2023\/02\/homme-fenetre-lino-150x150.jpg\" class=\"attachment-thumbnail size-thumbnail\" alt=\"\" decoding=\"async\" loading=\"lazy\" aria-describedby=\"gallery-1-543\" \/><\/a>\n\t\t\t<\/div>\n\t\t\t\t<figcaption class='wp-caption-text gallery-caption' id='gallery-1-543'>\n\t\t\t\tl&rsquo;homme \u00e0 la fen\u00eatre 1\n\t\t\t\t<\/figcaption><\/figure><figure class='gallery-item'>\n\t\t\t<div class='gallery-icon landscape'>\n\t\t\t\t<a data-elementor-open-lightbox=\"yes\" data-elementor-lightbox-slideshow=\"2f0da58\" data-elementor-lightbox-title=\"FOR\u00cbT\" data-e-action-hash=\"#elementor-action%3Aaction%3Dlightbox%26settings%3DeyJpZCI6NTcwLCJ1cmwiOiJodHRwczpcL1wvbGF1cmVuY2Vub3V6aWxsYXQuY29tXC93cC1jb250ZW50XC91cGxvYWRzXC8yMDIzXC8wMlwvRk9SRVQuanBnIiwic2xpZGVzaG93IjoiMmYwZGE1OCJ9\" href='https:\/\/laurencenouzillat.com\/wp-content\/uploads\/2023\/02\/FORET.jpg'><img width=\"150\" height=\"150\" src=\"https:\/\/laurencenouzillat.com\/wp-content\/uploads\/2023\/02\/FORET-150x150.jpg\" class=\"attachment-thumbnail size-thumbnail\" alt=\"\" decoding=\"async\" loading=\"lazy\" aria-describedby=\"gallery-1-570\" \/><\/a>\n\t\t\t<\/div>\n\t\t\t\t<figcaption class='wp-caption-text gallery-caption' id='gallery-1-570'>\n\t\t\t\tfor\u00eat\n\t\t\t\t<\/figcaption><\/figure><figure class='gallery-item'>\n\t\t\t<div class='gallery-icon portrait'>\n\t\t\t\t<a data-elementor-open-lightbox=\"yes\" data-elementor-lightbox-slideshow=\"2f0da58\" data-elementor-lightbox-title=\"homme fenetre noir sur carton copie\" data-e-action-hash=\"#elementor-action%3Aaction%3Dlightbox%26settings%3DeyJpZCI6NTczLCJ1cmwiOiJodHRwczpcL1wvbGF1cmVuY2Vub3V6aWxsYXQuY29tXC93cC1jb250ZW50XC91cGxvYWRzXC8yMDIzXC8wMlwvaG9tbWUtZmVuZXRyZS1ub2lyLXN1ci1jYXJ0b24tY29waWUuanBnIiwic2xpZGVzaG93IjoiMmYwZGE1OCJ9\" href='https:\/\/laurencenouzillat.com\/wp-content\/uploads\/2023\/02\/homme-fenetre-noir-sur-carton-copie.jpg'><img width=\"150\" height=\"150\" src=\"https:\/\/laurencenouzillat.com\/wp-content\/uploads\/2023\/02\/homme-fenetre-noir-sur-carton-copie-150x150.jpg\" class=\"attachment-thumbnail size-thumbnail\" alt=\"\" decoding=\"async\" loading=\"lazy\" aria-describedby=\"gallery-1-573\" \/><\/a>\n\t\t\t<\/div>\n\t\t\t\t<figcaption class='wp-caption-text gallery-caption' id='gallery-1-573'>\n\t\t\t\tl&rsquo;homme \u00e0 la fen\u00eatre 2\n\t\t\t\t<\/figcaption><\/figure><figure class='gallery-item'>\n\t\t\t<div class='gallery-icon portrait'>\n\t\t\t\t<a data-elementor-open-lightbox=\"yes\" data-elementor-lightbox-slideshow=\"2f0da58\" data-elementor-lightbox-title=\"homme fenetre blc copie\" data-e-action-hash=\"#elementor-action%3Aaction%3Dlightbox%26settings%3DeyJpZCI6NTcxLCJ1cmwiOiJodHRwczpcL1wvbGF1cmVuY2Vub3V6aWxsYXQuY29tXC93cC1jb250ZW50XC91cGxvYWRzXC8yMDIzXC8wMlwvaG9tbWUtZmVuZXRyZS1ibGMtY29waWUuanBnIiwic2xpZGVzaG93IjoiMmYwZGE1OCJ9\" href='https:\/\/laurencenouzillat.com\/wp-content\/uploads\/2023\/02\/homme-fenetre-blc-copie.jpg'><img width=\"150\" height=\"150\" src=\"https:\/\/laurencenouzillat.com\/wp-content\/uploads\/2023\/02\/homme-fenetre-blc-copie-150x150.jpg\" class=\"attachment-thumbnail size-thumbnail\" alt=\"\" decoding=\"async\" loading=\"lazy\" aria-describedby=\"gallery-1-571\" \/><\/a>\n\t\t\t<\/div>\n\t\t\t\t<figcaption class='wp-caption-text gallery-caption' id='gallery-1-571'>\n\t\t\t\tl&rsquo;homme \u00e0 la fen\u00eatre 3\n\t\t\t\t<\/figcaption><\/figure><figure class='gallery-item'>\n\t\t\t<div class='gallery-icon portrait'>\n\t\t\t\t<a data-elementor-open-lightbox=\"yes\" data-elementor-lightbox-slideshow=\"2f0da58\" data-elementor-lightbox-title=\"homme fenetre lino\" data-e-action-hash=\"#elementor-action%3Aaction%3Dlightbox%26settings%3DeyJpZCI6NTcyLCJ1cmwiOiJodHRwczpcL1wvbGF1cmVuY2Vub3V6aWxsYXQuY29tXC93cC1jb250ZW50XC91cGxvYWRzXC8yMDIzXC8wMlwvaG9tbWUtZmVuZXRyZS1saW5vLTEtc2NhbGVkLmpwZyIsInNsaWRlc2hvdyI6IjJmMGRhNTgifQ%3D%3D\" href='https:\/\/laurencenouzillat.com\/wp-content\/uploads\/2023\/02\/homme-fenetre-lino-1-scaled.jpg'><img width=\"150\" height=\"150\" src=\"https:\/\/laurencenouzillat.com\/wp-content\/uploads\/2023\/02\/homme-fenetre-lino-1-150x150.jpg\" class=\"attachment-thumbnail size-thumbnail\" alt=\"\" decoding=\"async\" loading=\"lazy\" aria-describedby=\"gallery-1-572\" \/><\/a>\n\t\t\t<\/div>\n\t\t\t\t<figcaption class='wp-caption-text gallery-caption' id='gallery-1-572'>\n\t\t\t\tl&rsquo;homme \u00e0 la fen\u00eatre 4\n\t\t\t\t<\/figcaption><\/figure><figure class='gallery-item'>\n\t\t\t<div class='gallery-icon portrait'>\n\t\t\t\t<a data-elementor-open-lightbox=\"yes\" data-elementor-lightbox-slideshow=\"2f0da58\" data-elementor-lightbox-title=\"Jean copie\" data-e-action-hash=\"#elementor-action%3Aaction%3Dlightbox%26settings%3DeyJpZCI6NTc0LCJ1cmwiOiJodHRwczpcL1wvbGF1cmVuY2Vub3V6aWxsYXQuY29tXC93cC1jb250ZW50XC91cGxvYWRzXC8yMDIzXC8wMlwvSmVhbi1jb3BpZS5qcGciLCJzbGlkZXNob3ciOiIyZjBkYTU4In0%3D\" href='https:\/\/laurencenouzillat.com\/wp-content\/uploads\/2023\/02\/Jean-copie.jpg'><img width=\"150\" height=\"150\" src=\"https:\/\/laurencenouzillat.com\/wp-content\/uploads\/2023\/02\/Jean-copie-150x150.jpg\" class=\"attachment-thumbnail size-thumbnail\" alt=\"\" decoding=\"async\" loading=\"lazy\" aria-describedby=\"gallery-1-574\" \/><\/a>\n\t\t\t<\/div>\n\t\t\t\t<figcaption class='wp-caption-text gallery-caption' id='gallery-1-574'>\n\t\t\t\tJean\n\t\t\t\t<\/figcaption><\/figure><figure class='gallery-item'>\n\t\t\t<div class='gallery-icon portrait'>\n\t\t\t\t<a data-elementor-open-lightbox=\"yes\" data-elementor-lightbox-slideshow=\"2f0da58\" data-elementor-lightbox-title=\"moto nb coul copie\" data-e-action-hash=\"#elementor-action%3Aaction%3Dlightbox%26settings%3DeyJpZCI6NTc1LCJ1cmwiOiJodHRwczpcL1wvbGF1cmVuY2Vub3V6aWxsYXQuY29tXC93cC1jb250ZW50XC91cGxvYWRzXC8yMDIzXC8wMlwvbW90by1uYi1jb3VsLWNvcGllLmpwZyIsInNsaWRlc2hvdyI6IjJmMGRhNTgifQ%3D%3D\" href='https:\/\/laurencenouzillat.com\/wp-content\/uploads\/2023\/02\/moto-nb-coul-copie.jpg'><img width=\"150\" height=\"150\" src=\"https:\/\/laurencenouzillat.com\/wp-content\/uploads\/2023\/02\/moto-nb-coul-copie-150x150.jpg\" class=\"attachment-thumbnail size-thumbnail\" alt=\"\" decoding=\"async\" loading=\"lazy\" aria-describedby=\"gallery-1-575\" \/><\/a>\n\t\t\t<\/div>\n\t\t\t\t<figcaption class='wp-caption-text gallery-caption' id='gallery-1-575'>\n\t\t\t\tsur la route \n\t\t\t\t<\/figcaption><\/figure>\n\t\t<\/div>\n\t\t<\/div>\n\t\t\t\t<\/div>\n\t\t\t\t<\/div>\n\t\t\t\t\t<\/div>\n\t\t<\/div>\n\t\t\t\t\t\t\t<\/div>\n\t\t<\/section>\n\t\t\t\t\t\t\t<\/div>\n\t\t","protected":false},"excerpt":{"rendered":"<p>l&rsquo;homme \u00e0 la fen\u00eatre 1 for\u00eat l&rsquo;homme \u00e0 la fen\u00eatre 2 l&rsquo;homme \u00e0 la fen\u00eatre 3 l&rsquo;homme \u00e0 la fen\u00eatre 4 Jean sur la route<\/p>\n","protected":false},"author":1,"featured_media":0,"parent":0,"menu_order":0,"comment_status":"closed","ping_status":"closed","template":"","meta":[],"blocksy_meta":{"styles_descriptor":{"styles":{"desktop":"","tablet":"","mobile":""},"google_fonts":[],"version":5}},"yoast_head":"<!-- This site is optimized with the Yoast SEO plugin v21.1 - https:\/\/yoast.com\/wordpress\/plugins\/seo\/ -->\n<title>LINO GRAVURES - LAURENCE NOUZILLAT<\/title>\n<meta name=\"robots\" content=\"index, follow, max-snippet:-1, max-image-preview:large, max-video-preview:-1\" \/>\n<link rel=\"canonical\" href=\"https:\/\/laurencenouzillat.com\/index.php\/lino-gravures\/\" \/>\n<meta property=\"og:locale\" content=\"fr_FR\" \/>\n<meta property=\"og:type\" content=\"article\" \/>\n<meta property=\"og:title\" content=\"LINO GRAVURES - LAURENCE NOUZILLAT\" \/>\n<meta property=\"og:description\" content=\"l&rsquo;homme \u00e0 la fen\u00eatre 1 for\u00eat l&rsquo;homme \u00e0 la fen\u00eatre 2 l&rsquo;homme \u00e0 la fen\u00eatre 3 l&rsquo;homme \u00e0 la fen\u00eatre 4 Jean sur la route\" \/>\n<meta property=\"og:url\" content=\"https:\/\/laurencenouzillat.com\/index.php\/lino-gravures\/\" \/>\n<meta property=\"og:site_name\" content=\"LAURENCE NOUZILLAT\" \/>\n<meta property=\"article:modified_time\" content=\"2024-09-24T11:38:47+00:00\" \/>\n<meta property=\"og:image\" content=\"https:\/\/laurencenouzillat.com\/wp-content\/uploads\/2023\/02\/homme-fenetre-lino-150x150.jpg\" \/>\n<meta name=\"twitter:card\" content=\"summary_large_image\" \/>\n<meta name=\"twitter:label1\" content=\"Dur\u00e9e de lecture estim\u00e9e\" \/>\n\t<meta name=\"twitter:data1\" content=\"2 minutes\" \/>\n<script type=\"application\/ld+json\" class=\"yoast-schema-graph\">{\"@context\":\"https:\/\/schema.org\",\"@graph\":[{\"@type\":\"WebPage\",\"@id\":\"https:\/\/laurencenouzillat.com\/index.php\/lino-gravures\/\",\"url\":\"https:\/\/laurencenouzillat.com\/index.php\/lino-gravures\/\",\"name\":\"LINO GRAVURES - LAURENCE NOUZILLAT\",\"isPartOf\":{\"@id\":\"https:\/\/laurencenouzillat.com\/#website\"},\"datePublished\":\"2023-02-14T12:58:36+00:00\",\"dateModified\":\"2024-09-24T11:38:47+00:00\",\"breadcrumb\":{\"@id\":\"https:\/\/laurencenouzillat.com\/index.php\/lino-gravures\/#breadcrumb\"},\"inLanguage\":\"fr-FR\",\"potentialAction\":[{\"@type\":\"ReadAction\",\"target\":[\"https:\/\/laurencenouzillat.com\/index.php\/lino-gravures\/\"]}]},{\"@type\":\"BreadcrumbList\",\"@id\":\"https:\/\/laurencenouzillat.com\/index.php\/lino-gravures\/#breadcrumb\",\"itemListElement\":[{\"@type\":\"ListItem\",\"position\":1,\"name\":\"Accueil\",\"item\":\"https:\/\/laurencenouzillat.com\/\"},{\"@type\":\"ListItem\",\"position\":2,\"name\":\"LINO GRAVURES\"}]},{\"@type\":\"WebSite\",\"@id\":\"https:\/\/laurencenouzillat.com\/#website\",\"url\":\"https:\/\/laurencenouzillat.com\/\",\"name\":\"LAURENCE NOUZILLAT\",\"description\":\"peintre\/graveuse\",\"publisher\":{\"@id\":\"https:\/\/laurencenouzillat.com\/#organization\"},\"potentialAction\":[{\"@type\":\"SearchAction\",\"target\":{\"@type\":\"EntryPoint\",\"urlTemplate\":\"https:\/\/laurencenouzillat.com\/?s={search_term_string}\"},\"query-input\":\"required name=search_term_string\"}],\"inLanguage\":\"fr-FR\"},{\"@type\":\"Organization\",\"@id\":\"https:\/\/laurencenouzillat.com\/#organization\",\"name\":\"LAURENCE NOUZILLAT\",\"url\":\"https:\/\/laurencenouzillat.com\/\",\"logo\":{\"@type\":\"ImageObject\",\"inLanguage\":\"fr-FR\",\"@id\":\"https:\/\/laurencenouzillat.com\/#\/schema\/logo\/image\/\",\"url\":\"https:\/\/laurencenouzillat.com\/wp-content\/uploads\/2021\/10\/oeil-abeille-1-1.jpg\",\"contentUrl\":\"https:\/\/laurencenouzillat.com\/wp-content\/uploads\/2021\/10\/oeil-abeille-1-1.jpg\",\"width\":567,\"height\":853,\"caption\":\"LAURENCE NOUZILLAT\"},\"image\":{\"@id\":\"https:\/\/laurencenouzillat.com\/#\/schema\/logo\/image\/\"}}]}<\/script>\n<!-- \/ Yoast SEO plugin. -->","yoast_head_json":{"title":"LINO GRAVURES - LAURENCE NOUZILLAT","robots":{"index":"index","follow":"follow","max-snippet":"max-snippet:-1","max-image-preview":"max-image-preview:large","max-video-preview":"max-video-preview:-1"},"canonical":"https:\/\/laurencenouzillat.com\/index.php\/lino-gravures\/","og_locale":"fr_FR","og_type":"article","og_title":"LINO GRAVURES - LAURENCE NOUZILLAT","og_description":"l&rsquo;homme \u00e0 la fen\u00eatre 1 for\u00eat l&rsquo;homme \u00e0 la fen\u00eatre 2 l&rsquo;homme \u00e0 la fen\u00eatre 3 l&rsquo;homme \u00e0 la fen\u00eatre 4 Jean sur la route","og_url":"https:\/\/laurencenouzillat.com\/index.php\/lino-gravures\/","og_site_name":"LAURENCE NOUZILLAT","article_modified_time":"2024-09-24T11:38:47+00:00","og_image":[{"url":"https:\/\/laurencenouzillat.com\/wp-content\/uploads\/2023\/02\/homme-fenetre-lino-150x150.jpg"}],"twitter_card":"summary_large_image","twitter_misc":{"Dur\u00e9e de lecture estim\u00e9e":"2 minutes"},"schema":{"@context":"https:\/\/schema.org","@graph":[{"@type":"WebPage","@id":"https:\/\/laurencenouzillat.com\/index.php\/lino-gravures\/","url":"https:\/\/laurencenouzillat.com\/index.php\/lino-gravures\/","name":"LINO GRAVURES - LAURENCE NOUZILLAT","isPartOf":{"@id":"https:\/\/laurencenouzillat.com\/#website"},"datePublished":"2023-02-14T12:58:36+00:00","dateModified":"2024-09-24T11:38:47+00:00","breadcrumb":{"@id":"https:\/\/laurencenouzillat.com\/index.php\/lino-gravures\/#breadcrumb"},"inLanguage":"fr-FR","potentialAction":[{"@type":"ReadAction","target":["https:\/\/laurencenouzillat.com\/index.php\/lino-gravures\/"]}]},{"@type":"BreadcrumbList","@id":"https:\/\/laurencenouzillat.com\/index.php\/lino-gravures\/#breadcrumb","itemListElement":[{"@type":"ListItem","position":1,"name":"Accueil","item":"https:\/\/laurencenouzillat.com\/"},{"@type":"ListItem","position":2,"name":"LINO GRAVURES"}]},{"@type":"WebSite","@id":"https:\/\/laurencenouzillat.com\/#website","url":"https:\/\/laurencenouzillat.com\/","name":"LAURENCE NOUZILLAT","description":"peintre\/graveuse","publisher":{"@id":"https:\/\/laurencenouzillat.com\/#organization"},"potentialAction":[{"@type":"SearchAction","target":{"@type":"EntryPoint","urlTemplate":"https:\/\/laurencenouzillat.com\/?s={search_term_string}"},"query-input":"required name=search_term_string"}],"inLanguage":"fr-FR"},{"@type":"Organization","@id":"https:\/\/laurencenouzillat.com\/#organization","name":"LAURENCE NOUZILLAT","url":"https:\/\/laurencenouzillat.com\/","logo":{"@type":"ImageObject","inLanguage":"fr-FR","@id":"https:\/\/laurencenouzillat.com\/#\/schema\/logo\/image\/","url":"https:\/\/laurencenouzillat.com\/wp-content\/uploads\/2021\/10\/oeil-abeille-1-1.jpg","contentUrl":"https:\/\/laurencenouzillat.com\/wp-content\/uploads\/2021\/10\/oeil-abeille-1-1.jpg","width":567,"height":853,"caption":"LAURENCE NOUZILLAT"},"image":{"@id":"https:\/\/laurencenouzillat.com\/#\/schema\/logo\/image\/"}}]}},"_links":{"self":[{"href":"https:\/\/laurencenouzillat.com\/index.php\/wp-json\/wp\/v2\/pages\/524"}],"collection":[{"href":"https:\/\/laurencenouzillat.com\/index.php\/wp-json\/wp\/v2\/pages"}],"about":[{"href":"https:\/\/laurencenouzillat.com\/index.php\/wp-json\/wp\/v2\/types\/page"}],"author":[{"embeddable":true,"href":"https:\/\/laurencenouzillat.com\/index.php\/wp-json\/wp\/v2\/users\/1"}],"replies":[{"embeddable":true,"href":"https:\/\/laurencenouzillat.com\/index.php\/wp-json\/wp\/v2\/comments?post=524"}],"version-history":[{"count":13,"href":"https:\/\/laurencenouzillat.com\/index.php\/wp-json\/wp\/v2\/pages\/524\/revisions"}],"predecessor-version":[{"id":966,"href":"https:\/\/laurencenouzillat.com\/index.php\/wp-json\/wp\/v2\/pages\/524\/revisions\/966"}],"wp:attachment":[{"href":"https:\/\/laurencenouzillat.com\/index.php\/wp-json\/wp\/v2\/media?parent=524"}],"curies":[{"name":"wp","href":"https:\/\/api.w.org\/{rel}","templated":true}]}}