{"id":465,"date":"2023-02-13T18:40:10","date_gmt":"2023-02-13T17:40:10","guid":{"rendered":"https:\/\/laurencenouzillat.com\/?page_id=465"},"modified":"2024-09-24T13:36:30","modified_gmt":"2024-09-24T11:36:30","slug":"gravures","status":"publish","type":"page","link":"https:\/\/laurencenouzillat.com\/index.php\/gravures\/","title":{"rendered":"GRAVURES"},"content":{"rendered":"\t\t<div data-elementor-type=\"wp-page\" data-elementor-id=\"465\" class=\"elementor elementor-465\">\n\t\t\t\t\t\t\t\t\t<section class=\"elementor-section elementor-top-section elementor-element elementor-element-dff87e4 ct-section-stretched elementor-section-boxed elementor-section-height-default elementor-section-height-default\" data-id=\"dff87e4\" data-element_type=\"section\">\n\t\t\t\t\t\t<div class=\"elementor-container elementor-column-gap-default\">\n\t\t\t\t\t<div class=\"elementor-column elementor-col-100 elementor-top-column elementor-element elementor-element-6c0c959\" data-id=\"6c0c959\" data-element_type=\"column\">\n\t\t\t<div class=\"elementor-widget-wrap elementor-element-populated\">\n\t\t\t\t\t\t\t\t<div class=\"elementor-element elementor-element-734d0c7 e-transform e-transform e-transform e-transform gallery-spacing-custom elementor-widget elementor-widget-image-gallery\" data-id=\"734d0c7\" data-element_type=\"widget\" data-settings=\"{&quot;_animation&quot;:&quot;none&quot;,&quot;_transform_rotateZ_effect&quot;:{&quot;unit&quot;:&quot;px&quot;,&quot;size&quot;:-360,&quot;sizes&quot;:[]},&quot;_transform_translateX_effect&quot;:{&quot;unit&quot;:&quot;px&quot;,&quot;size&quot;:-281,&quot;sizes&quot;:[]},&quot;_transform_translateY_effect&quot;:{&quot;unit&quot;:&quot;px&quot;,&quot;size&quot;:-70,&quot;sizes&quot;:[]},&quot;_transform_scale_effect&quot;:{&quot;unit&quot;:&quot;px&quot;,&quot;size&quot;:0.9,&quot;sizes&quot;:[]},&quot;_transform_skewX_effect&quot;:{&quot;unit&quot;:&quot;px&quot;,&quot;size&quot;:0,&quot;sizes&quot;:[]},&quot;_transform_translateX_effect_tablet&quot;:{&quot;unit&quot;:&quot;px&quot;,&quot;size&quot;:-61,&quot;sizes&quot;:[]},&quot;_transform_translateY_effect_mobile&quot;:{&quot;unit&quot;:&quot;px&quot;,&quot;size&quot;:-241,&quot;sizes&quot;:[]},&quot;_transform_scale_effect_tablet&quot;:{&quot;unit&quot;:&quot;px&quot;,&quot;size&quot;:0.8,&quot;sizes&quot;:[]},&quot;_transform_rotateZ_effect_tablet&quot;:{&quot;unit&quot;:&quot;deg&quot;,&quot;size&quot;:&quot;&quot;,&quot;sizes&quot;:[]},&quot;_transform_rotateZ_effect_mobile&quot;:{&quot;unit&quot;:&quot;deg&quot;,&quot;size&quot;:&quot;&quot;,&quot;sizes&quot;:[]},&quot;_transform_translateX_effect_mobile&quot;:{&quot;unit&quot;:&quot;px&quot;,&quot;size&quot;:&quot;&quot;,&quot;sizes&quot;:[]},&quot;_transform_translateY_effect_tablet&quot;:{&quot;unit&quot;:&quot;px&quot;,&quot;size&quot;:&quot;&quot;,&quot;sizes&quot;:[]},&quot;_transform_scale_effect_mobile&quot;:{&quot;unit&quot;:&quot;px&quot;,&quot;size&quot;:&quot;&quot;,&quot;sizes&quot;:[]},&quot;_transform_skewX_effect_tablet&quot;:{&quot;unit&quot;:&quot;deg&quot;,&quot;size&quot;:&quot;&quot;,&quot;sizes&quot;:[]},&quot;_transform_skewX_effect_mobile&quot;:{&quot;unit&quot;:&quot;deg&quot;,&quot;size&quot;:&quot;&quot;,&quot;sizes&quot;:[]},&quot;_transform_skewY_effect&quot;:{&quot;unit&quot;:&quot;px&quot;,&quot;size&quot;:&quot;&quot;,&quot;sizes&quot;:[]},&quot;_transform_skewY_effect_tablet&quot;:{&quot;unit&quot;:&quot;deg&quot;,&quot;size&quot;:&quot;&quot;,&quot;sizes&quot;:[]},&quot;_transform_skewY_effect_mobile&quot;:{&quot;unit&quot;:&quot;deg&quot;,&quot;size&quot;:&quot;&quot;,&quot;sizes&quot;:[]}}\" data-widget_type=\"image-gallery.default\">\n\t\t\t\t<div class=\"elementor-widget-container\">\n\t\t\t<style>\/*! elementor - v3.11.2 - 22-02-2023 *\/\n.elementor-image-gallery .gallery-item{display:inline-block;text-align:center;vertical-align:top;width:100%;max-width:100%;margin:0 auto}.elementor-image-gallery .gallery-item img{margin:0 auto}.elementor-image-gallery .gallery-item .gallery-caption{margin:0}.elementor-image-gallery figure img{display:block}.elementor-image-gallery figure figcaption{width:100%}.gallery-spacing-custom .elementor-image-gallery .gallery-icon{padding:0}@media (min-width:768px){.elementor-image-gallery .gallery-columns-2 .gallery-item{max-width:50%}.elementor-image-gallery .gallery-columns-3 .gallery-item{max-width:33.33%}.elementor-image-gallery .gallery-columns-4 .gallery-item{max-width:25%}.elementor-image-gallery .gallery-columns-5 .gallery-item{max-width:20%}.elementor-image-gallery .gallery-columns-6 .gallery-item{max-width:16.666%}.elementor-image-gallery .gallery-columns-7 .gallery-item{max-width:14.28%}.elementor-image-gallery .gallery-columns-8 .gallery-item{max-width:12.5%}.elementor-image-gallery .gallery-columns-9 .gallery-item{max-width:11.11%}.elementor-image-gallery .gallery-columns-10 .gallery-item{max-width:10%}}@media (min-width:480px) and (max-width:767px){.elementor-image-gallery .gallery.gallery-columns-2 .gallery-item,.elementor-image-gallery .gallery.gallery-columns-3 .gallery-item,.elementor-image-gallery .gallery.gallery-columns-4 .gallery-item,.elementor-image-gallery .gallery.gallery-columns-5 .gallery-item,.elementor-image-gallery .gallery.gallery-columns-6 .gallery-item,.elementor-image-gallery .gallery.gallery-columns-7 .gallery-item,.elementor-image-gallery .gallery.gallery-columns-8 .gallery-item,.elementor-image-gallery .gallery.gallery-columns-9 .gallery-item,.elementor-image-gallery .gallery.gallery-columns-10 .gallery-item{max-width:50%}}@media (max-width:479px){.elementor-image-gallery .gallery.gallery-columns-2 .gallery-item,.elementor-image-gallery .gallery.gallery-columns-3 .gallery-item,.elementor-image-gallery .gallery.gallery-columns-4 .gallery-item,.elementor-image-gallery .gallery.gallery-columns-5 .gallery-item,.elementor-image-gallery .gallery.gallery-columns-6 .gallery-item,.elementor-image-gallery .gallery.gallery-columns-7 .gallery-item,.elementor-image-gallery .gallery.gallery-columns-8 .gallery-item,.elementor-image-gallery .gallery.gallery-columns-9 .gallery-item,.elementor-image-gallery .gallery.gallery-columns-10 .gallery-item{max-width:100%}}<\/style>\t\t<div class=\"elementor-image-gallery\">\n\t\t\t<div id='gallery-1' class='gallery galleryid-465 gallery-columns-4 gallery-size-thumbnail'><figure class='gallery-item'>\n\t\t\t<div class='gallery-icon portrait'>\n\t\t\t\t<a data-elementor-open-lightbox=\"yes\" data-elementor-lightbox-slideshow=\"734d0c7\" data-elementor-lightbox-title=\"homme fenetre 2\" data-e-action-hash=\"#elementor-action%3Aaction%3Dlightbox%26settings%3DeyJpZCI6MTQ5LCJ1cmwiOiJodHRwczpcL1wvbGF1cmVuY2Vub3V6aWxsYXQuY29tXC93cC1jb250ZW50XC91cGxvYWRzXC8yMDIxXC8xMFwvaG9tbWUtZmVuZXRyZS0yLXNjYWxlZC5qcGciLCJzbGlkZXNob3ciOiI3MzRkMGM3In0%3D\" href='https:\/\/laurencenouzillat.com\/wp-content\/uploads\/2021\/10\/homme-fenetre-2-scaled.jpg'><img width=\"150\" height=\"150\" src=\"https:\/\/laurencenouzillat.com\/wp-content\/uploads\/2021\/10\/homme-fenetre-2-150x150.jpg\" class=\"attachment-thumbnail size-thumbnail\" alt=\"\" decoding=\"async\" loading=\"lazy\" aria-describedby=\"gallery-1-149\" \/><\/a>\n\t\t\t<\/div>\n\t\t\t\t<figcaption class='wp-caption-text gallery-caption' id='gallery-1-149'>\n\t\t\t\thomme fen\u00eatre  \n\t\t\t\t<\/figcaption><\/figure><figure class='gallery-item'>\n\t\t\t<div class='gallery-icon portrait'>\n\t\t\t\t<a data-elementor-open-lightbox=\"yes\" data-elementor-lightbox-slideshow=\"734d0c7\" data-elementor-lightbox-title=\"CLAUDE\" data-e-action-hash=\"#elementor-action%3Aaction%3Dlightbox%26settings%3DeyJpZCI6NDE1LCJ1cmwiOiJodHRwczpcL1wvbGF1cmVuY2Vub3V6aWxsYXQuY29tXC93cC1jb250ZW50XC91cGxvYWRzXC8yMDIzXC8wMlwvQ0xBVURFLmpwZyIsInNsaWRlc2hvdyI6IjczNGQwYzcifQ%3D%3D\" href='https:\/\/laurencenouzillat.com\/wp-content\/uploads\/2023\/02\/CLAUDE.jpg'><img width=\"150\" height=\"150\" src=\"https:\/\/laurencenouzillat.com\/wp-content\/uploads\/2023\/02\/CLAUDE-150x150.jpg\" class=\"attachment-thumbnail size-thumbnail\" alt=\"\" decoding=\"async\" loading=\"lazy\" aria-describedby=\"gallery-1-415\" \/><\/a>\n\t\t\t<\/div>\n\t\t\t\t<figcaption class='wp-caption-text gallery-caption' id='gallery-1-415'>\n\t\t\t\tClaude\n\t\t\t\t<\/figcaption><\/figure><figure class='gallery-item'>\n\t\t\t<div class='gallery-icon portrait'>\n\t\t\t\t<a data-elementor-open-lightbox=\"yes\" data-elementor-lightbox-slideshow=\"734d0c7\" data-elementor-lightbox-title=\"elle\" data-e-action-hash=\"#elementor-action%3Aaction%3Dlightbox%26settings%3DeyJpZCI6NDE2LCJ1cmwiOiJodHRwczpcL1wvbGF1cmVuY2Vub3V6aWxsYXQuY29tXC93cC1jb250ZW50XC91cGxvYWRzXC8yMDIzXC8wMlwvZWxsZS5qcGciLCJzbGlkZXNob3ciOiI3MzRkMGM3In0%3D\" href='https:\/\/laurencenouzillat.com\/wp-content\/uploads\/2023\/02\/elle.jpg'><img width=\"150\" height=\"150\" src=\"https:\/\/laurencenouzillat.com\/wp-content\/uploads\/2023\/02\/elle-150x150.jpg\" class=\"attachment-thumbnail size-thumbnail\" alt=\"\" decoding=\"async\" loading=\"lazy\" aria-describedby=\"gallery-1-416\" \/><\/a>\n\t\t\t<\/div>\n\t\t\t\t<figcaption class='wp-caption-text gallery-caption' id='gallery-1-416'>\n\t\t\t\tauto portrait 2\n\t\t\t\t<\/figcaption><\/figure><figure class='gallery-item'>\n\t\t\t<div class='gallery-icon landscape'>\n\t\t\t\t<a data-elementor-open-lightbox=\"yes\" data-elementor-lightbox-slideshow=\"734d0c7\" data-elementor-lightbox-title=\"en famille\" data-e-action-hash=\"#elementor-action%3Aaction%3Dlightbox%26settings%3DeyJpZCI6NDE3LCJ1cmwiOiJodHRwczpcL1wvbGF1cmVuY2Vub3V6aWxsYXQuY29tXC93cC1jb250ZW50XC91cGxvYWRzXC8yMDIzXC8wMlwvZW4tZmFtaWxsZS5qcGciLCJzbGlkZXNob3ciOiI3MzRkMGM3In0%3D\" href='https:\/\/laurencenouzillat.com\/wp-content\/uploads\/2023\/02\/en-famille.jpg'><img width=\"150\" height=\"150\" src=\"https:\/\/laurencenouzillat.com\/wp-content\/uploads\/2023\/02\/en-famille-150x150.jpg\" class=\"attachment-thumbnail size-thumbnail\" alt=\"\" decoding=\"async\" loading=\"lazy\" aria-describedby=\"gallery-1-417\" \/><\/a>\n\t\t\t<\/div>\n\t\t\t\t<figcaption class='wp-caption-text gallery-caption' id='gallery-1-417'>\n\t\t\t\ten famille\n\t\t\t\t<\/figcaption><\/figure><figure class='gallery-item'>\n\t\t\t<div class='gallery-icon portrait'>\n\t\t\t\t<a data-elementor-open-lightbox=\"yes\" data-elementor-lightbox-slideshow=\"734d0c7\" data-elementor-lightbox-title=\"en t\u00eates 2\" data-e-action-hash=\"#elementor-action%3Aaction%3Dlightbox%26settings%3DeyJpZCI6NDE4LCJ1cmwiOiJodHRwczpcL1wvbGF1cmVuY2Vub3V6aWxsYXQuY29tXC93cC1jb250ZW50XC91cGxvYWRzXC8yMDIzXC8wMlwvZW4tdGV0ZXMtMi1zY2FsZWQuanBnIiwic2xpZGVzaG93IjoiNzM0ZDBjNyJ9\" href='https:\/\/laurencenouzillat.com\/wp-content\/uploads\/2023\/02\/en-tetes-2-scaled.jpg'><img width=\"150\" height=\"150\" src=\"https:\/\/laurencenouzillat.com\/wp-content\/uploads\/2023\/02\/en-tetes-2-150x150.jpg\" class=\"attachment-thumbnail size-thumbnail\" alt=\"\" decoding=\"async\" loading=\"lazy\" aria-describedby=\"gallery-1-418\" \/><\/a>\n\t\t\t<\/div>\n\t\t\t\t<figcaption class='wp-caption-text gallery-caption' id='gallery-1-418'>\n\t\t\t\ten t\u00eates 1\n\t\t\t\t<\/figcaption><\/figure><figure class='gallery-item'>\n\t\t\t<div class='gallery-icon portrait'>\n\t\t\t\t<a data-elementor-open-lightbox=\"yes\" data-elementor-lightbox-slideshow=\"734d0c7\" data-elementor-lightbox-title=\"en t\u00eates 2\" data-e-action-hash=\"#elementor-action%3Aaction%3Dlightbox%26settings%3DeyJpZCI6MTUxLCJ1cmwiOiJodHRwczpcL1wvbGF1cmVuY2Vub3V6aWxsYXQuY29tXC93cC1jb250ZW50XC91cGxvYWRzXC8yMDIxXC8xMFwvb2VpbC1hYmVpbGxlLTEtMS5qcGciLCJzbGlkZXNob3ciOiI3MzRkMGM3In0%3D\" href='https:\/\/laurencenouzillat.com\/wp-content\/uploads\/2021\/10\/oeil-abeille-1-1.jpg'><img width=\"150\" height=\"150\" src=\"https:\/\/laurencenouzillat.com\/wp-content\/uploads\/2021\/10\/oeil-abeille-1-1-150x150.jpg\" class=\"attachment-thumbnail size-thumbnail\" alt=\"\" decoding=\"async\" loading=\"lazy\" aria-describedby=\"gallery-1-151\" \/><\/a>\n\t\t\t<\/div>\n\t\t\t\t<figcaption class='wp-caption-text gallery-caption' id='gallery-1-151'>\n\t\t\t\toeil\n\t\t\t\t<\/figcaption><\/figure><figure class='gallery-item'>\n\t\t\t<div class='gallery-icon portrait'>\n\t\t\t\t<a data-elementor-open-lightbox=\"yes\" data-elementor-lightbox-slideshow=\"734d0c7\" data-elementor-lightbox-title=\"tete de femme\" data-e-action-hash=\"#elementor-action%3Aaction%3Dlightbox%26settings%3DeyJpZCI6MTUyLCJ1cmwiOiJodHRwczpcL1wvbGF1cmVuY2Vub3V6aWxsYXQuY29tXC93cC1jb250ZW50XC91cGxvYWRzXC8yMDIxXC8xMFwvdGV0ZS1kZS1mZW1tZS1zY2FsZWQuanBnIiwic2xpZGVzaG93IjoiNzM0ZDBjNyJ9\" href='https:\/\/laurencenouzillat.com\/wp-content\/uploads\/2021\/10\/tete-de-femme-scaled.jpg'><img width=\"150\" height=\"150\" src=\"https:\/\/laurencenouzillat.com\/wp-content\/uploads\/2021\/10\/tete-de-femme-150x150.jpg\" class=\"attachment-thumbnail size-thumbnail\" alt=\"\" decoding=\"async\" loading=\"lazy\" aria-describedby=\"gallery-1-152\" \/><\/a>\n\t\t\t<\/div>\n\t\t\t\t<figcaption class='wp-caption-text gallery-caption' id='gallery-1-152'>\n\t\t\t\tpens\u00e9es\n\t\t\t\t<\/figcaption><\/figure><figure class='gallery-item'>\n\t\t\t<div class='gallery-icon portrait'>\n\t\t\t\t<a data-elementor-open-lightbox=\"yes\" data-elementor-lightbox-slideshow=\"734d0c7\" data-elementor-lightbox-title=\"en t\u00eates\" data-e-action-hash=\"#elementor-action%3Aaction%3Dlightbox%26settings%3DeyJpZCI6NDE5LCJ1cmwiOiJodHRwczpcL1wvbGF1cmVuY2Vub3V6aWxsYXQuY29tXC93cC1jb250ZW50XC91cGxvYWRzXC8yMDIzXC8wMlwvZW4tdGV0ZXMuanBnIiwic2xpZGVzaG93IjoiNzM0ZDBjNyJ9\" href='https:\/\/laurencenouzillat.com\/wp-content\/uploads\/2023\/02\/en-tetes.jpg'><img width=\"150\" height=\"150\" src=\"https:\/\/laurencenouzillat.com\/wp-content\/uploads\/2023\/02\/en-tetes-150x150.jpg\" class=\"attachment-thumbnail size-thumbnail\" alt=\"\" decoding=\"async\" loading=\"lazy\" aria-describedby=\"gallery-1-419\" \/><\/a>\n\t\t\t<\/div>\n\t\t\t\t<figcaption class='wp-caption-text gallery-caption' id='gallery-1-419'>\n\t\t\t\ten T\u00eates 2\n\t\t\t\t<\/figcaption><\/figure><figure class='gallery-item'>\n\t\t\t<div class='gallery-icon landscape'>\n\t\t\t\t<a data-elementor-open-lightbox=\"yes\" data-elementor-lightbox-slideshow=\"734d0c7\" data-elementor-lightbox-title=\"JPC\" data-e-action-hash=\"#elementor-action%3Aaction%3Dlightbox%26settings%3DeyJpZCI6NDIwLCJ1cmwiOiJodHRwczpcL1wvbGF1cmVuY2Vub3V6aWxsYXQuY29tXC93cC1jb250ZW50XC91cGxvYWRzXC8yMDIzXC8wMlwvSlBDLmpwZyIsInNsaWRlc2hvdyI6IjczNGQwYzcifQ%3D%3D\" href='https:\/\/laurencenouzillat.com\/wp-content\/uploads\/2023\/02\/JPC.jpg'><img width=\"150\" height=\"150\" src=\"https:\/\/laurencenouzillat.com\/wp-content\/uploads\/2023\/02\/JPC-150x150.jpg\" class=\"attachment-thumbnail size-thumbnail\" alt=\"\" decoding=\"async\" loading=\"lazy\" aria-describedby=\"gallery-1-420\" \/><\/a>\n\t\t\t<\/div>\n\t\t\t\t<figcaption class='wp-caption-text gallery-caption' id='gallery-1-420'>\n\t\t\t\tJPC\n\t\t\t\t<\/figcaption><\/figure><figure class='gallery-item'>\n\t\t\t<div class='gallery-icon landscape'>\n\t\t\t\t<a data-elementor-open-lightbox=\"yes\" data-elementor-lightbox-slideshow=\"734d0c7\" data-elementor-lightbox-title=\"les vieux\" data-e-action-hash=\"#elementor-action%3Aaction%3Dlightbox%26settings%3DeyJpZCI6NDIxLCJ1cmwiOiJodHRwczpcL1wvbGF1cmVuY2Vub3V6aWxsYXQuY29tXC93cC1jb250ZW50XC91cGxvYWRzXC8yMDIzXC8wMlwvbGVzLXZpZXV4LXNjYWxlZC5qcGciLCJzbGlkZXNob3ciOiI3MzRkMGM3In0%3D\" href='https:\/\/laurencenouzillat.com\/wp-content\/uploads\/2023\/02\/les-vieux-scaled.jpg'><img width=\"150\" height=\"150\" src=\"https:\/\/laurencenouzillat.com\/wp-content\/uploads\/2023\/02\/les-vieux-150x150.jpg\" class=\"attachment-thumbnail size-thumbnail\" alt=\"\" decoding=\"async\" loading=\"lazy\" aria-describedby=\"gallery-1-421\" \/><\/a>\n\t\t\t<\/div>\n\t\t\t\t<figcaption class='wp-caption-text gallery-caption' id='gallery-1-421'>\n\t\t\t\tles vieux\n\t\t\t\t<\/figcaption><\/figure><figure class='gallery-item'>\n\t\t\t<div class='gallery-icon landscape'>\n\t\t\t\t<a data-elementor-open-lightbox=\"yes\" data-elementor-lightbox-slideshow=\"734d0c7\" data-elementor-lightbox-title=\"AUTOP 1\" data-e-action-hash=\"#elementor-action%3Aaction%3Dlightbox%26settings%3DeyJpZCI6NDE0LCJ1cmwiOiJodHRwczpcL1wvbGF1cmVuY2Vub3V6aWxsYXQuY29tXC93cC1jb250ZW50XC91cGxvYWRzXC8yMDIzXC8wMlwvQVVUT1AtMS5qcGciLCJzbGlkZXNob3ciOiI3MzRkMGM3In0%3D\" href='https:\/\/laurencenouzillat.com\/wp-content\/uploads\/2023\/02\/AUTOP-1.jpg'><img width=\"150\" height=\"150\" src=\"https:\/\/laurencenouzillat.com\/wp-content\/uploads\/2023\/02\/AUTOP-1-150x150.jpg\" class=\"attachment-thumbnail size-thumbnail\" alt=\"\" decoding=\"async\" loading=\"lazy\" aria-describedby=\"gallery-1-414\" \/><\/a>\n\t\t\t<\/div>\n\t\t\t\t<figcaption class='wp-caption-text gallery-caption' id='gallery-1-414'>\n\t\t\t\tauto portrait 1\n\t\t\t\t<\/figcaption><\/figure><figure class='gallery-item'>\n\t\t\t<div class='gallery-icon landscape'>\n\t\t\t\t<a data-elementor-open-lightbox=\"yes\" data-elementor-lightbox-slideshow=\"734d0c7\" data-elementor-lightbox-title=\"Homme fenetre\" data-e-action-hash=\"#elementor-action%3Aaction%3Dlightbox%26settings%3DeyJpZCI6MTUwLCJ1cmwiOiJodHRwczpcL1wvbGF1cmVuY2Vub3V6aWxsYXQuY29tXC93cC1jb250ZW50XC91cGxvYWRzXC8yMDIxXC8xMFwvSG9tbWUtZmVuZXRyZS0xLXNjYWxlZC5qcGciLCJzbGlkZXNob3ciOiI3MzRkMGM3In0%3D\" href='https:\/\/laurencenouzillat.com\/wp-content\/uploads\/2021\/10\/Homme-fenetre-1-scaled.jpg'><img width=\"150\" height=\"150\" src=\"https:\/\/laurencenouzillat.com\/wp-content\/uploads\/2021\/10\/Homme-fenetre-1-150x150.jpg\" class=\"attachment-thumbnail size-thumbnail\" alt=\"\" decoding=\"async\" loading=\"lazy\" aria-describedby=\"gallery-1-150\" \/><\/a>\n\t\t\t<\/div>\n\t\t\t\t<figcaption class='wp-caption-text gallery-caption' id='gallery-1-150'>\n\t\t\t\textrait \n\t\t\t\t<\/figcaption><\/figure><figure class='gallery-item'>\n\t\t\t<div class='gallery-icon landscape'>\n\t\t\t\t<a data-elementor-open-lightbox=\"yes\" data-elementor-lightbox-slideshow=\"734d0c7\" data-elementor-lightbox-title=\"EBRU 1psd\" data-e-action-hash=\"#elementor-action%3Aaction%3Dlightbox%26settings%3DeyJpZCI6MTQ4LCJ1cmwiOiJodHRwczpcL1wvbGF1cmVuY2Vub3V6aWxsYXQuY29tXC93cC1jb250ZW50XC91cGxvYWRzXC8yMDIxXC8xMFwvRUJSVS0xcHNkLmpwZyIsInNsaWRlc2hvdyI6IjczNGQwYzcifQ%3D%3D\" href='https:\/\/laurencenouzillat.com\/wp-content\/uploads\/2021\/10\/EBRU-1psd.jpg'><img width=\"150\" height=\"150\" src=\"https:\/\/laurencenouzillat.com\/wp-content\/uploads\/2021\/10\/EBRU-1psd-150x150.jpg\" class=\"attachment-thumbnail size-thumbnail\" alt=\"\" decoding=\"async\" loading=\"lazy\" aria-describedby=\"gallery-1-148\" \/><\/a>\n\t\t\t<\/div>\n\t\t\t\t<figcaption class='wp-caption-text gallery-caption' id='gallery-1-148'>\n\t\t\t\tmarine\n\t\t\t\t<\/figcaption><\/figure><figure class='gallery-item'>\n\t\t\t<div class='gallery-icon portrait'>\n\t\t\t\t<a data-elementor-open-lightbox=\"yes\" data-elementor-lightbox-slideshow=\"734d0c7\" data-elementor-lightbox-title=\"autoportrait\" data-e-action-hash=\"#elementor-action%3Aaction%3Dlightbox%26settings%3DeyJpZCI6MTQ3LCJ1cmwiOiJodHRwczpcL1wvbGF1cmVuY2Vub3V6aWxsYXQuY29tXC93cC1jb250ZW50XC91cGxvYWRzXC8yMDIxXC8xMFwvYXV0b3BvcnRyYWl0LXNjYWxlZC5qcGciLCJzbGlkZXNob3ciOiI3MzRkMGM3In0%3D\" href='https:\/\/laurencenouzillat.com\/wp-content\/uploads\/2021\/10\/autoportrait-scaled.jpg'><img width=\"150\" height=\"150\" src=\"https:\/\/laurencenouzillat.com\/wp-content\/uploads\/2021\/10\/autoportrait-150x150.jpg\" class=\"attachment-thumbnail size-thumbnail\" alt=\"\" decoding=\"async\" loading=\"lazy\" aria-describedby=\"gallery-1-147\" \/><\/a>\n\t\t\t<\/div>\n\t\t\t\t<figcaption class='wp-caption-text gallery-caption' id='gallery-1-147'>\n\t\t\t\tauto portrait 3\n\t\t\t\t<\/figcaption><\/figure>\n\t\t<\/div>\n\t\t<\/div>\n\t\t\t\t<\/div>\n\t\t\t\t<\/div>\n\t\t\t\t\t<\/div>\n\t\t<\/div>\n\t\t\t\t\t\t\t<\/div>\n\t\t<\/section>\n\t\t\t\t\t\t\t<\/div>\n\t\t","protected":false},"excerpt":{"rendered":"<p>homme fen\u00eatre Claude auto portrait 2 en famille en t\u00eates 1 oeil pens\u00e9es en T\u00eates 2 JPC les vieux auto portrait 1 extrait marine auto portrait 3<\/p>\n","protected":false},"author":1,"featured_media":0,"parent":0,"menu_order":0,"comment_status":"closed","ping_status":"closed","template":"","meta":[],"blocksy_meta":{"styles_descriptor":{"styles":{"desktop":"","tablet":"","mobile":""},"google_fonts":[],"version":5}},"yoast_head":"<!-- This site is optimized with the Yoast SEO plugin v21.1 - https:\/\/yoast.com\/wordpress\/plugins\/seo\/ -->\n<title>GRAVURES - LAURENCE NOUZILLAT<\/title>\n<meta name=\"robots\" content=\"index, follow, max-snippet:-1, max-image-preview:large, max-video-preview:-1\" \/>\n<link rel=\"canonical\" href=\"https:\/\/laurencenouzillat.com\/index.php\/gravures\/\" \/>\n<meta property=\"og:locale\" content=\"fr_FR\" \/>\n<meta property=\"og:type\" content=\"article\" \/>\n<meta property=\"og:title\" content=\"GRAVURES - LAURENCE NOUZILLAT\" \/>\n<meta property=\"og:description\" content=\"homme fen\u00eatre Claude auto portrait 2 en famille en t\u00eates 1 oeil pens\u00e9es en T\u00eates 2 JPC les vieux auto portrait 1 extrait marine auto portrait 3\" \/>\n<meta property=\"og:url\" content=\"https:\/\/laurencenouzillat.com\/index.php\/gravures\/\" \/>\n<meta property=\"og:site_name\" content=\"LAURENCE NOUZILLAT\" \/>\n<meta property=\"article:modified_time\" content=\"2024-09-24T11:36:30+00:00\" \/>\n<meta property=\"og:image\" content=\"https:\/\/laurencenouzillat.com\/wp-content\/uploads\/2021\/10\/homme-fenetre-2-150x150.jpg\" \/>\n<meta name=\"twitter:card\" content=\"summary_large_image\" \/>\n<meta name=\"twitter:label1\" content=\"Dur\u00e9e de lecture estim\u00e9e\" \/>\n\t<meta name=\"twitter:data1\" content=\"3 minutes\" \/>\n<script type=\"application\/ld+json\" class=\"yoast-schema-graph\">{\"@context\":\"https:\/\/schema.org\",\"@graph\":[{\"@type\":\"WebPage\",\"@id\":\"https:\/\/laurencenouzillat.com\/index.php\/gravures\/\",\"url\":\"https:\/\/laurencenouzillat.com\/index.php\/gravures\/\",\"name\":\"GRAVURES - LAURENCE NOUZILLAT\",\"isPartOf\":{\"@id\":\"https:\/\/laurencenouzillat.com\/#website\"},\"datePublished\":\"2023-02-13T17:40:10+00:00\",\"dateModified\":\"2024-09-24T11:36:30+00:00\",\"breadcrumb\":{\"@id\":\"https:\/\/laurencenouzillat.com\/index.php\/gravures\/#breadcrumb\"},\"inLanguage\":\"fr-FR\",\"potentialAction\":[{\"@type\":\"ReadAction\",\"target\":[\"https:\/\/laurencenouzillat.com\/index.php\/gravures\/\"]}]},{\"@type\":\"BreadcrumbList\",\"@id\":\"https:\/\/laurencenouzillat.com\/index.php\/gravures\/#breadcrumb\",\"itemListElement\":[{\"@type\":\"ListItem\",\"position\":1,\"name\":\"Accueil\",\"item\":\"https:\/\/laurencenouzillat.com\/\"},{\"@type\":\"ListItem\",\"position\":2,\"name\":\"GRAVURES\"}]},{\"@type\":\"WebSite\",\"@id\":\"https:\/\/laurencenouzillat.com\/#website\",\"url\":\"https:\/\/laurencenouzillat.com\/\",\"name\":\"LAURENCE NOUZILLAT\",\"description\":\"peintre\/graveuse\",\"publisher\":{\"@id\":\"https:\/\/laurencenouzillat.com\/#organization\"},\"potentialAction\":[{\"@type\":\"SearchAction\",\"target\":{\"@type\":\"EntryPoint\",\"urlTemplate\":\"https:\/\/laurencenouzillat.com\/?s={search_term_string}\"},\"query-input\":\"required name=search_term_string\"}],\"inLanguage\":\"fr-FR\"},{\"@type\":\"Organization\",\"@id\":\"https:\/\/laurencenouzillat.com\/#organization\",\"name\":\"LAURENCE NOUZILLAT\",\"url\":\"https:\/\/laurencenouzillat.com\/\",\"logo\":{\"@type\":\"ImageObject\",\"inLanguage\":\"fr-FR\",\"@id\":\"https:\/\/laurencenouzillat.com\/#\/schema\/logo\/image\/\",\"url\":\"https:\/\/laurencenouzillat.com\/wp-content\/uploads\/2021\/10\/oeil-abeille-1-1.jpg\",\"contentUrl\":\"https:\/\/laurencenouzillat.com\/wp-content\/uploads\/2021\/10\/oeil-abeille-1-1.jpg\",\"width\":567,\"height\":853,\"caption\":\"LAURENCE NOUZILLAT\"},\"image\":{\"@id\":\"https:\/\/laurencenouzillat.com\/#\/schema\/logo\/image\/\"}}]}<\/script>\n<!-- \/ Yoast SEO plugin. -->","yoast_head_json":{"title":"GRAVURES - LAURENCE NOUZILLAT","robots":{"index":"index","follow":"follow","max-snippet":"max-snippet:-1","max-image-preview":"max-image-preview:large","max-video-preview":"max-video-preview:-1"},"canonical":"https:\/\/laurencenouzillat.com\/index.php\/gravures\/","og_locale":"fr_FR","og_type":"article","og_title":"GRAVURES - LAURENCE NOUZILLAT","og_description":"homme fen\u00eatre Claude auto portrait 2 en famille en t\u00eates 1 oeil pens\u00e9es en T\u00eates 2 JPC les vieux auto portrait 1 extrait marine auto portrait 3","og_url":"https:\/\/laurencenouzillat.com\/index.php\/gravures\/","og_site_name":"LAURENCE NOUZILLAT","article_modified_time":"2024-09-24T11:36:30+00:00","og_image":[{"url":"https:\/\/laurencenouzillat.com\/wp-content\/uploads\/2021\/10\/homme-fenetre-2-150x150.jpg"}],"twitter_card":"summary_large_image","twitter_misc":{"Dur\u00e9e de lecture estim\u00e9e":"3 minutes"},"schema":{"@context":"https:\/\/schema.org","@graph":[{"@type":"WebPage","@id":"https:\/\/laurencenouzillat.com\/index.php\/gravures\/","url":"https:\/\/laurencenouzillat.com\/index.php\/gravures\/","name":"GRAVURES - LAURENCE NOUZILLAT","isPartOf":{"@id":"https:\/\/laurencenouzillat.com\/#website"},"datePublished":"2023-02-13T17:40:10+00:00","dateModified":"2024-09-24T11:36:30+00:00","breadcrumb":{"@id":"https:\/\/laurencenouzillat.com\/index.php\/gravures\/#breadcrumb"},"inLanguage":"fr-FR","potentialAction":[{"@type":"ReadAction","target":["https:\/\/laurencenouzillat.com\/index.php\/gravures\/"]}]},{"@type":"BreadcrumbList","@id":"https:\/\/laurencenouzillat.com\/index.php\/gravures\/#breadcrumb","itemListElement":[{"@type":"ListItem","position":1,"name":"Accueil","item":"https:\/\/laurencenouzillat.com\/"},{"@type":"ListItem","position":2,"name":"GRAVURES"}]},{"@type":"WebSite","@id":"https:\/\/laurencenouzillat.com\/#website","url":"https:\/\/laurencenouzillat.com\/","name":"LAURENCE NOUZILLAT","description":"peintre\/graveuse","publisher":{"@id":"https:\/\/laurencenouzillat.com\/#organization"},"potentialAction":[{"@type":"SearchAction","target":{"@type":"EntryPoint","urlTemplate":"https:\/\/laurencenouzillat.com\/?s={search_term_string}"},"query-input":"required name=search_term_string"}],"inLanguage":"fr-FR"},{"@type":"Organization","@id":"https:\/\/laurencenouzillat.com\/#organization","name":"LAURENCE NOUZILLAT","url":"https:\/\/laurencenouzillat.com\/","logo":{"@type":"ImageObject","inLanguage":"fr-FR","@id":"https:\/\/laurencenouzillat.com\/#\/schema\/logo\/image\/","url":"https:\/\/laurencenouzillat.com\/wp-content\/uploads\/2021\/10\/oeil-abeille-1-1.jpg","contentUrl":"https:\/\/laurencenouzillat.com\/wp-content\/uploads\/2021\/10\/oeil-abeille-1-1.jpg","width":567,"height":853,"caption":"LAURENCE NOUZILLAT"},"image":{"@id":"https:\/\/laurencenouzillat.com\/#\/schema\/logo\/image\/"}}]}},"_links":{"self":[{"href":"https:\/\/laurencenouzillat.com\/index.php\/wp-json\/wp\/v2\/pages\/465"}],"collection":[{"href":"https:\/\/laurencenouzillat.com\/index.php\/wp-json\/wp\/v2\/pages"}],"about":[{"href":"https:\/\/laurencenouzillat.com\/index.php\/wp-json\/wp\/v2\/types\/page"}],"author":[{"embeddable":true,"href":"https:\/\/laurencenouzillat.com\/index.php\/wp-json\/wp\/v2\/users\/1"}],"replies":[{"embeddable":true,"href":"https:\/\/laurencenouzillat.com\/index.php\/wp-json\/wp\/v2\/comments?post=465"}],"version-history":[{"count":45,"href":"https:\/\/laurencenouzillat.com\/index.php\/wp-json\/wp\/v2\/pages\/465\/revisions"}],"predecessor-version":[{"id":963,"href":"https:\/\/laurencenouzillat.com\/index.php\/wp-json\/wp\/v2\/pages\/465\/revisions\/963"}],"wp:attachment":[{"href":"https:\/\/laurencenouzillat.com\/index.php\/wp-json\/wp\/v2\/media?parent=465"}],"curies":[{"name":"wp","href":"https:\/\/api.w.org\/{rel}","templated":true}]}}